{"id":619,"date":"2014-06-29T20:55:48","date_gmt":"2014-06-29T20:55:48","guid":{"rendered":"http:\/\/www.zoombernard.com\/wordpress\/?page_id=619"},"modified":"2016-06-28T14:30:26","modified_gmt":"2016-06-28T14:30:26","slug":"offshore-la-coudouliere","status":"publish","type":"page","link":"https:\/\/www.zoombernard.com\/wordpress\/sports-2\/offshore-la-coudouliere\/","title":{"rendered":"Offshore La Coudouli\u00e8re"},"content":{"rendered":"<p>Voir page Offshore La Coudouli\u00e8re par ann\u00e9e<\/p>\n","protected":false},"excerpt":{"rendered":"<p>Voir page Offshore La Coudouli\u00e8re par ann\u00e9e<\/p>\n","protected":false},"author":1,"featured_media":0,"parent":302,"menu_order":0,"comment_status":"closed","ping_status":"closed","template":"","meta":{"ngg_post_thumbnail":0,"footnotes":""},"acf":[],"_links":{"self":[{"href":"https:\/\/www.zoombernard.com\/wordpress\/wp-json\/wp\/v2\/pages\/619"}],"collection":[{"href":"https:\/\/www.zoombernard.com\/wordpress\/wp-json\/wp\/v2\/pages"}],"about":[{"href":"https:\/\/www.zoombernard.com\/wordpress\/wp-json\/wp\/v2\/types\/page"}],"author":[{"embeddable":true,"href":"https:\/\/www.zoombernard.com\/wordpress\/wp-json\/wp\/v2\/users\/1"}],"replies":[{"embeddable":true,"href":"https:\/\/www.zoombernard.com\/wordpress\/wp-json\/wp\/v2\/comments?post=619"}],"version-history":[{"count":11,"href":"https:\/\/www.zoombernard.com\/wordpress\/wp-json\/wp\/v2\/pages\/619\/revisions"}],"predecessor-version":[{"id":1537,"href":"https:\/\/www.zoombernard.com\/wordpress\/wp-json\/wp\/v2\/pages\/619\/revisions\/1537"}],"up":[{"embeddable":true,"href":"https:\/\/www.zoombernard.com\/wordpress\/wp-json\/wp\/v2\/pages\/302"}],"wp:attachment":[{"href":"https:\/\/www.zoombernard.com\/wordpress\/wp-json\/wp\/v2\/media?parent=619"}],"curies":[{"name":"wp","href":"https:\/\/api.w.org\/{rel}","templated":true}]}}