{"id":584,"date":"2013-11-11T21:01:49","date_gmt":"2013-11-11T21:01:49","guid":{"rendered":"http:\/\/www.zoombernard.com\/wordpress\/?page_id=584"},"modified":"2013-11-11T21:03:44","modified_gmt":"2013-11-11T21:03:44","slug":"paysage","status":"publish","type":"page","link":"https:\/\/www.zoombernard.com\/wordpress\/nature\/paysage\/","title":{"rendered":"Paysage"},"content":{"rendered":"<!-- index.php -->\n<div\n\tclass=\"ngg-galleryoverview\n\t ngg-ajax-pagination-none\t\"\n\tid=\"ngg-gallery-2c3eed01ea02f13a48821c9ff9bfeddb-1\">\n\n\t\t<div class=\"slideshowlink\">\n\t\t<a href='https:\/\/www.zoombernard.com\/wordpress\/nature\/paysage\/nggallery\/slideshow'>[Diaporama]<\/a>\n\t\t\n\t<\/div>\n\t\t\t<!-- Thumbnails -->\n\t\t\t\t<div id=\"ngg-image-0\" class=\"ngg-gallery-thumbnail-box\" \n\t\t\t\t\t\t\t\t\t\t\t>\n\t\t\t\t\t\t<div class=\"ngg-gallery-thumbnail\">\n\t\t\t<a href=\"https:\/\/www.zoombernard.com\/wordpress\/wp-content\/gallery\/paysage\/Campagne-Bretonne__DSC87900001.jpg\"\n\t\t\t\ttitle=\"\"\n\t\t\t\tdata-src=\"https:\/\/www.zoombernard.com\/wordpress\/wp-content\/gallery\/paysage\/Campagne-Bretonne__DSC87900001.jpg\"\n\t\t\t\tdata-thumbnail=\"https:\/\/www.zoombernard.com\/wordpress\/wp-content\/gallery\/paysage\/thumbs\/thumbs_Campagne-Bretonne__DSC87900001.jpg\"\n\t\t\t\tdata-image-id=\"1385\"\n\t\t\t\tdata-title=\"Campagne-Bretonne__DSC87900001\"\n\t\t\t\tdata-description=\"\"\n\t\t\t\tdata-image-slug=\"campagne-bretonne__dsc87900001\"\n\t\t\t\tclass=\"shutterset_2c3eed01ea02f13a48821c9ff9bfeddb\">\n\t\t\t\t<img\n\t\t\t\t\ttitle=\"Campagne-Bretonne__DSC87900001\"\n\t\t\t\t\talt=\"Campagne-Bretonne__DSC87900001\"\n\t\t\t\t\tsrc=\"https:\/\/www.zoombernard.com\/wordpress\/wp-content\/gallery\/paysage\/thumbs\/thumbs_Campagne-Bretonne__DSC87900001.jpg\"\n\t\t\t\t\twidth=\"110\"\n\t\t\t\t\theight=\"140\"\n\t\t\t\t\tstyle=\"max-width:100%;\"\n\t\t\t\t\/>\n\t\t\t<\/a>\n\t\t<\/div>\n\t\t\t\t\t\t\t<\/div> \n\t\t\t\n\t\t\n\t\t\t\t<div id=\"ngg-image-1\" class=\"ngg-gallery-thumbnail-box\" \n\t\t\t\t\t\t\t\t\t\t\t>\n\t\t\t\t\t\t<div class=\"ngg-gallery-thumbnail\">\n\t\t\t<a href=\"https:\/\/www.zoombernard.com\/wordpress\/wp-content\/gallery\/paysage\/Extr%C3%A8mit%C3%A8-du-port-de-Do%C3%ABlan__DSC87120001.jpg\"\n\t\t\t\ttitle=\"\"\n\t\t\t\tdata-src=\"https:\/\/www.zoombernard.com\/wordpress\/wp-content\/gallery\/paysage\/Extr%C3%A8mit%C3%A8-du-port-de-Do%C3%ABlan__DSC87120001.jpg\"\n\t\t\t\tdata-thumbnail=\"https:\/\/www.zoombernard.com\/wordpress\/wp-content\/gallery\/paysage\/thumbs\/thumbs_Extr%C3%A8mit%C3%A8-du-port-de-Do%C3%ABlan__DSC87120001.jpg\"\n\t\t\t\tdata-image-id=\"1386\"\n\t\t\t\tdata-title=\"Extr\u00e8mit\u00e8-du-port-de-Do\u00eblan__DSC87120001\"\n\t\t\t\tdata-description=\"\"\n\t\t\t\tdata-image-slug=\"extr%c3%a8mit%c3%a8-du-port-de-do%c3%ablan__dsc87120001-1\"\n\t\t\t\tclass=\"shutterset_2c3eed01ea02f13a48821c9ff9bfeddb\">\n\t\t\t\t<img\n\t\t\t\t\ttitle=\"Extr\u00e8mit\u00e8-du-port-de-Do\u00eblan__DSC87120001\"\n\t\t\t\t\talt=\"Extr\u00e8mit\u00e8-du-port-de-Do\u00eblan__DSC87120001\"\n\t\t\t\t\tsrc=\"https:\/\/www.zoombernard.com\/wordpress\/wp-content\/gallery\/paysage\/thumbs\/thumbs_Extr%C3%A8mit%C3%A8-du-port-de-Do%C3%ABlan__DSC87120001.jpg\"\n\t\t\t\t\twidth=\"110\"\n\t\t\t\t\theight=\"140\"\n\t\t\t\t\tstyle=\"max-width:100%;\"\n\t\t\t\t\/>\n\t\t\t<\/a>\n\t\t<\/div>\n\t\t\t\t\t\t\t<\/div> \n\t\t\t\n\t\t\n\t\t\t\t<div id=\"ngg-image-2\" class=\"ngg-gallery-thumbnail-box\" \n\t\t\t\t\t\t\t\t\t\t\t>\n\t\t\t\t\t\t<div class=\"ngg-gallery-thumbnail\">\n\t\t\t<a href=\"https:\/\/www.zoombernard.com\/wordpress\/wp-content\/gallery\/paysage\/Extr%C3%A8mit%C3%A8-du-port-de-Do%C3%ABlan__DSC87140001.jpg\"\n\t\t\t\ttitle=\"\"\n\t\t\t\tdata-src=\"https:\/\/www.zoombernard.com\/wordpress\/wp-content\/gallery\/paysage\/Extr%C3%A8mit%C3%A8-du-port-de-Do%C3%ABlan__DSC87140001.jpg\"\n\t\t\t\tdata-thumbnail=\"https:\/\/www.zoombernard.com\/wordpress\/wp-content\/gallery\/paysage\/thumbs\/thumbs_Extr%C3%A8mit%C3%A8-du-port-de-Do%C3%ABlan__DSC87140001.jpg\"\n\t\t\t\tdata-image-id=\"1387\"\n\t\t\t\tdata-title=\"Extr\u00e8mit\u00e8-du-port-de-Do\u00eblan__DSC87140001\"\n\t\t\t\tdata-description=\"\"\n\t\t\t\tdata-image-slug=\"extr%c3%a8mit%c3%a8-du-port-de-do%c3%ablan__dsc87140001-1\"\n\t\t\t\tclass=\"shutterset_2c3eed01ea02f13a48821c9ff9bfeddb\">\n\t\t\t\t<img\n\t\t\t\t\ttitle=\"Extr\u00e8mit\u00e8-du-port-de-Do\u00eblan__DSC87140001\"\n\t\t\t\t\talt=\"Extr\u00e8mit\u00e8-du-port-de-Do\u00eblan__DSC87140001\"\n\t\t\t\t\tsrc=\"https:\/\/www.zoombernard.com\/wordpress\/wp-content\/gallery\/paysage\/thumbs\/thumbs_Extr%C3%A8mit%C3%A8-du-port-de-Do%C3%ABlan__DSC87140001.jpg\"\n\t\t\t\t\twidth=\"110\"\n\t\t\t\t\theight=\"140\"\n\t\t\t\t\tstyle=\"max-width:100%;\"\n\t\t\t\t\/>\n\t\t\t<\/a>\n\t\t<\/div>\n\t\t\t\t\t\t\t<\/div> \n\t\t\t\n\t\t\n\t\t\t\t<div id=\"ngg-image-3\" class=\"ngg-gallery-thumbnail-box\" \n\t\t\t\t\t\t\t\t\t\t\t>\n\t\t\t\t\t\t<div class=\"ngg-gallery-thumbnail\">\n\t\t\t<a href=\"https:\/\/www.zoombernard.com\/wordpress\/wp-content\/gallery\/paysage\/Paysage-de-neige-Culin__DSC23050001.jpg\"\n\t\t\t\ttitle=\"\"\n\t\t\t\tdata-src=\"https:\/\/www.zoombernard.com\/wordpress\/wp-content\/gallery\/paysage\/Paysage-de-neige-Culin__DSC23050001.jpg\"\n\t\t\t\tdata-thumbnail=\"https:\/\/www.zoombernard.com\/wordpress\/wp-content\/gallery\/paysage\/thumbs\/thumbs_Paysage-de-neige-Culin__DSC23050001.jpg\"\n\t\t\t\tdata-image-id=\"1388\"\n\t\t\t\tdata-title=\"Paysage-de-neige-Culin__DSC23050001\"\n\t\t\t\tdata-description=\"\"\n\t\t\t\tdata-image-slug=\"paysage-de-neige-culin__dsc23050001\"\n\t\t\t\tclass=\"shutterset_2c3eed01ea02f13a48821c9ff9bfeddb\">\n\t\t\t\t<img\n\t\t\t\t\ttitle=\"Paysage-de-neige-Culin__DSC23050001\"\n\t\t\t\t\talt=\"Paysage-de-neige-Culin__DSC23050001\"\n\t\t\t\t\tsrc=\"https:\/\/www.zoombernard.com\/wordpress\/wp-content\/gallery\/paysage\/thumbs\/thumbs_Paysage-de-neige-Culin__DSC23050001.jpg\"\n\t\t\t\t\twidth=\"110\"\n\t\t\t\t\theight=\"140\"\n\t\t\t\t\tstyle=\"max-width:100%;\"\n\t\t\t\t\/>\n\t\t\t<\/a>\n\t\t<\/div>\n\t\t\t\t\t\t\t<\/div> \n\t\t\t\n\t\t\n\t\t\t\t<div id=\"ngg-image-4\" class=\"ngg-gallery-thumbnail-box\" \n\t\t\t\t\t\t\t\t\t\t\t>\n\t\t\t\t\t\t<div class=\"ngg-gallery-thumbnail\">\n\t\t\t<a href=\"https:\/\/www.zoombernard.com\/wordpress\/wp-content\/gallery\/paysage\/Paysage-de-neige-Culin__DSC23180002.jpg\"\n\t\t\t\ttitle=\"\"\n\t\t\t\tdata-src=\"https:\/\/www.zoombernard.com\/wordpress\/wp-content\/gallery\/paysage\/Paysage-de-neige-Culin__DSC23180002.jpg\"\n\t\t\t\tdata-thumbnail=\"https:\/\/www.zoombernard.com\/wordpress\/wp-content\/gallery\/paysage\/thumbs\/thumbs_Paysage-de-neige-Culin__DSC23180002.jpg\"\n\t\t\t\tdata-image-id=\"1389\"\n\t\t\t\tdata-title=\"Paysage-de-neige-Culin__DSC23180002\"\n\t\t\t\tdata-description=\"\"\n\t\t\t\tdata-image-slug=\"paysage-de-neige-culin__dsc23180002\"\n\t\t\t\tclass=\"shutterset_2c3eed01ea02f13a48821c9ff9bfeddb\">\n\t\t\t\t<img\n\t\t\t\t\ttitle=\"Paysage-de-neige-Culin__DSC23180002\"\n\t\t\t\t\talt=\"Paysage-de-neige-Culin__DSC23180002\"\n\t\t\t\t\tsrc=\"https:\/\/www.zoombernard.com\/wordpress\/wp-content\/gallery\/paysage\/thumbs\/thumbs_Paysage-de-neige-Culin__DSC23180002.jpg\"\n\t\t\t\t\twidth=\"110\"\n\t\t\t\t\theight=\"140\"\n\t\t\t\t\tstyle=\"max-width:100%;\"\n\t\t\t\t\/>\n\t\t\t<\/a>\n\t\t<\/div>\n\t\t\t\t\t\t\t<\/div> \n\t\t\t\n\t\t\n\t\t\t\t<div id=\"ngg-image-5\" class=\"ngg-gallery-thumbnail-box\" \n\t\t\t\t\t\t\t\t\t\t\t>\n\t\t\t\t\t\t<div class=\"ngg-gallery-thumbnail\">\n\t\t\t<a href=\"https:\/\/www.zoombernard.com\/wordpress\/wp-content\/gallery\/paysage\/Paysage-de-neige-Culin__DSC23220003.jpg\"\n\t\t\t\ttitle=\"\"\n\t\t\t\tdata-src=\"https:\/\/www.zoombernard.com\/wordpress\/wp-content\/gallery\/paysage\/Paysage-de-neige-Culin__DSC23220003.jpg\"\n\t\t\t\tdata-thumbnail=\"https:\/\/www.zoombernard.com\/wordpress\/wp-content\/gallery\/paysage\/thumbs\/thumbs_Paysage-de-neige-Culin__DSC23220003.jpg\"\n\t\t\t\tdata-image-id=\"1390\"\n\t\t\t\tdata-title=\"Paysage-de-neige-Culin__DSC23220003\"\n\t\t\t\tdata-description=\"\"\n\t\t\t\tdata-image-slug=\"paysage-de-neige-culin__dsc23220003\"\n\t\t\t\tclass=\"shutterset_2c3eed01ea02f13a48821c9ff9bfeddb\">\n\t\t\t\t<img\n\t\t\t\t\ttitle=\"Paysage-de-neige-Culin__DSC23220003\"\n\t\t\t\t\talt=\"Paysage-de-neige-Culin__DSC23220003\"\n\t\t\t\t\tsrc=\"https:\/\/www.zoombernard.com\/wordpress\/wp-content\/gallery\/paysage\/thumbs\/thumbs_Paysage-de-neige-Culin__DSC23220003.jpg\"\n\t\t\t\t\twidth=\"110\"\n\t\t\t\t\theight=\"140\"\n\t\t\t\t\tstyle=\"max-width:100%;\"\n\t\t\t\t\/>\n\t\t\t<\/a>\n\t\t<\/div>\n\t\t\t\t\t\t\t<\/div> \n\t\t\t\n\t\t\n\t\t\t\t<div id=\"ngg-image-6\" class=\"ngg-gallery-thumbnail-box\" \n\t\t\t\t\t\t\t\t\t\t\t>\n\t\t\t\t\t\t<div class=\"ngg-gallery-thumbnail\">\n\t\t\t<a href=\"https:\/\/www.zoombernard.com\/wordpress\/wp-content\/gallery\/paysage\/Paysage-de-neige-Culin__DSC24550004.jpg\"\n\t\t\t\ttitle=\"\"\n\t\t\t\tdata-src=\"https:\/\/www.zoombernard.com\/wordpress\/wp-content\/gallery\/paysage\/Paysage-de-neige-Culin__DSC24550004.jpg\"\n\t\t\t\tdata-thumbnail=\"https:\/\/www.zoombernard.com\/wordpress\/wp-content\/gallery\/paysage\/thumbs\/thumbs_Paysage-de-neige-Culin__DSC24550004.jpg\"\n\t\t\t\tdata-image-id=\"1391\"\n\t\t\t\tdata-title=\"Paysage-de-neige-Culin__DSC24550004\"\n\t\t\t\tdata-description=\"\"\n\t\t\t\tdata-image-slug=\"paysage-de-neige-culin__dsc24550004\"\n\t\t\t\tclass=\"shutterset_2c3eed01ea02f13a48821c9ff9bfeddb\">\n\t\t\t\t<img\n\t\t\t\t\ttitle=\"Paysage-de-neige-Culin__DSC24550004\"\n\t\t\t\t\talt=\"Paysage-de-neige-Culin__DSC24550004\"\n\t\t\t\t\tsrc=\"https:\/\/www.zoombernard.com\/wordpress\/wp-content\/gallery\/paysage\/thumbs\/thumbs_Paysage-de-neige-Culin__DSC24550004.jpg\"\n\t\t\t\t\twidth=\"110\"\n\t\t\t\t\theight=\"140\"\n\t\t\t\t\tstyle=\"max-width:100%;\"\n\t\t\t\t\/>\n\t\t\t<\/a>\n\t\t<\/div>\n\t\t\t\t\t\t\t<\/div> \n\t\t\t\n\t\t\n\t\t\t\t<div id=\"ngg-image-7\" class=\"ngg-gallery-thumbnail-box\" \n\t\t\t\t\t\t\t\t\t\t\t>\n\t\t\t\t\t\t<div class=\"ngg-gallery-thumbnail\">\n\t\t\t<a href=\"https:\/\/www.zoombernard.com\/wordpress\/wp-content\/gallery\/paysage\/Paysage-de-neige-Culin__DSC24650005.jpg\"\n\t\t\t\ttitle=\"\"\n\t\t\t\tdata-src=\"https:\/\/www.zoombernard.com\/wordpress\/wp-content\/gallery\/paysage\/Paysage-de-neige-Culin__DSC24650005.jpg\"\n\t\t\t\tdata-thumbnail=\"https:\/\/www.zoombernard.com\/wordpress\/wp-content\/gallery\/paysage\/thumbs\/thumbs_Paysage-de-neige-Culin__DSC24650005.jpg\"\n\t\t\t\tdata-image-id=\"1392\"\n\t\t\t\tdata-title=\"Paysage-de-neige-Culin__DSC24650005\"\n\t\t\t\tdata-description=\"\"\n\t\t\t\tdata-image-slug=\"paysage-de-neige-culin__dsc24650005\"\n\t\t\t\tclass=\"shutterset_2c3eed01ea02f13a48821c9ff9bfeddb\">\n\t\t\t\t<img\n\t\t\t\t\ttitle=\"Paysage-de-neige-Culin__DSC24650005\"\n\t\t\t\t\talt=\"Paysage-de-neige-Culin__DSC24650005\"\n\t\t\t\t\tsrc=\"https:\/\/www.zoombernard.com\/wordpress\/wp-content\/gallery\/paysage\/thumbs\/thumbs_Paysage-de-neige-Culin__DSC24650005.jpg\"\n\t\t\t\t\twidth=\"110\"\n\t\t\t\t\theight=\"140\"\n\t\t\t\t\tstyle=\"max-width:100%;\"\n\t\t\t\t\/>\n\t\t\t<\/a>\n\t\t<\/div>\n\t\t\t\t\t\t\t<\/div> \n\t\t\t\n\t\t\n\t\t\t\t<div id=\"ngg-image-8\" class=\"ngg-gallery-thumbnail-box\" \n\t\t\t\t\t\t\t\t\t\t\t>\n\t\t\t\t\t\t<div class=\"ngg-gallery-thumbnail\">\n\t\t\t<a href=\"https:\/\/www.zoombernard.com\/wordpress\/wp-content\/gallery\/paysage\/Paysage-de-neige-Culin__DSC24860006.jpg\"\n\t\t\t\ttitle=\"\"\n\t\t\t\tdata-src=\"https:\/\/www.zoombernard.com\/wordpress\/wp-content\/gallery\/paysage\/Paysage-de-neige-Culin__DSC24860006.jpg\"\n\t\t\t\tdata-thumbnail=\"https:\/\/www.zoombernard.com\/wordpress\/wp-content\/gallery\/paysage\/thumbs\/thumbs_Paysage-de-neige-Culin__DSC24860006.jpg\"\n\t\t\t\tdata-image-id=\"1393\"\n\t\t\t\tdata-title=\"Paysage-de-neige-Culin__DSC24860006\"\n\t\t\t\tdata-description=\"\"\n\t\t\t\tdata-image-slug=\"paysage-de-neige-culin__dsc24860006\"\n\t\t\t\tclass=\"shutterset_2c3eed01ea02f13a48821c9ff9bfeddb\">\n\t\t\t\t<img\n\t\t\t\t\ttitle=\"Paysage-de-neige-Culin__DSC24860006\"\n\t\t\t\t\talt=\"Paysage-de-neige-Culin__DSC24860006\"\n\t\t\t\t\tsrc=\"https:\/\/www.zoombernard.com\/wordpress\/wp-content\/gallery\/paysage\/thumbs\/thumbs_Paysage-de-neige-Culin__DSC24860006.jpg\"\n\t\t\t\t\twidth=\"110\"\n\t\t\t\t\theight=\"140\"\n\t\t\t\t\tstyle=\"max-width:100%;\"\n\t\t\t\t\/>\n\t\t\t<\/a>\n\t\t<\/div>\n\t\t\t\t\t\t\t<\/div> \n\t\t\t\n\t\t\n\t\t\t\t<div id=\"ngg-image-9\" class=\"ngg-gallery-thumbnail-box\" \n\t\t\t\t\t\t\t\t\t\t\t>\n\t\t\t\t\t\t<div class=\"ngg-gallery-thumbnail\">\n\t\t\t<a href=\"https:\/\/www.zoombernard.com\/wordpress\/wp-content\/gallery\/paysage\/Paysage-de-neige-Culin__DSC24890007.jpg\"\n\t\t\t\ttitle=\"\"\n\t\t\t\tdata-src=\"https:\/\/www.zoombernard.com\/wordpress\/wp-content\/gallery\/paysage\/Paysage-de-neige-Culin__DSC24890007.jpg\"\n\t\t\t\tdata-thumbnail=\"https:\/\/www.zoombernard.com\/wordpress\/wp-content\/gallery\/paysage\/thumbs\/thumbs_Paysage-de-neige-Culin__DSC24890007.jpg\"\n\t\t\t\tdata-image-id=\"1394\"\n\t\t\t\tdata-title=\"Paysage-de-neige-Culin__DSC24890007\"\n\t\t\t\tdata-description=\"\"\n\t\t\t\tdata-image-slug=\"paysage-de-neige-culin__dsc24890007\"\n\t\t\t\tclass=\"shutterset_2c3eed01ea02f13a48821c9ff9bfeddb\">\n\t\t\t\t<img\n\t\t\t\t\ttitle=\"Paysage-de-neige-Culin__DSC24890007\"\n\t\t\t\t\talt=\"Paysage-de-neige-Culin__DSC24890007\"\n\t\t\t\t\tsrc=\"https:\/\/www.zoombernard.com\/wordpress\/wp-content\/gallery\/paysage\/thumbs\/thumbs_Paysage-de-neige-Culin__DSC24890007.jpg\"\n\t\t\t\t\twidth=\"110\"\n\t\t\t\t\theight=\"140\"\n\t\t\t\t\tstyle=\"max-width:100%;\"\n\t\t\t\t\/>\n\t\t\t<\/a>\n\t\t<\/div>\n\t\t\t\t\t\t\t<\/div> \n\t\t\t\n\t\t\n\t\t\t\t<div id=\"ngg-image-10\" class=\"ngg-gallery-thumbnail-box\" \n\t\t\t\t\t\t\t\t\t\t\t>\n\t\t\t\t\t\t<div class=\"ngg-gallery-thumbnail\">\n\t\t\t<a href=\"https:\/\/www.zoombernard.com\/wordpress\/wp-content\/gallery\/paysage\/Paysage-de-neige-Culin__DSC24920008.jpg\"\n\t\t\t\ttitle=\"\"\n\t\t\t\tdata-src=\"https:\/\/www.zoombernard.com\/wordpress\/wp-content\/gallery\/paysage\/Paysage-de-neige-Culin__DSC24920008.jpg\"\n\t\t\t\tdata-thumbnail=\"https:\/\/www.zoombernard.com\/wordpress\/wp-content\/gallery\/paysage\/thumbs\/thumbs_Paysage-de-neige-Culin__DSC24920008.jpg\"\n\t\t\t\tdata-image-id=\"1395\"\n\t\t\t\tdata-title=\"Paysage-de-neige-Culin__DSC24920008\"\n\t\t\t\tdata-description=\"\"\n\t\t\t\tdata-image-slug=\"paysage-de-neige-culin__dsc24920008\"\n\t\t\t\tclass=\"shutterset_2c3eed01ea02f13a48821c9ff9bfeddb\">\n\t\t\t\t<img\n\t\t\t\t\ttitle=\"Paysage-de-neige-Culin__DSC24920008\"\n\t\t\t\t\talt=\"Paysage-de-neige-Culin__DSC24920008\"\n\t\t\t\t\tsrc=\"https:\/\/www.zoombernard.com\/wordpress\/wp-content\/gallery\/paysage\/thumbs\/thumbs_Paysage-de-neige-Culin__DSC24920008.jpg\"\n\t\t\t\t\twidth=\"110\"\n\t\t\t\t\theight=\"140\"\n\t\t\t\t\tstyle=\"max-width:100%;\"\n\t\t\t\t\/>\n\t\t\t<\/a>\n\t\t<\/div>\n\t\t\t\t\t\t\t<\/div> \n\t\t\t\n\t\t\n\t\t\t\t<div id=\"ngg-image-11\" class=\"ngg-gallery-thumbnail-box\" \n\t\t\t\t\t\t\t\t\t\t\t>\n\t\t\t\t\t\t<div class=\"ngg-gallery-thumbnail\">\n\t\t\t<a href=\"https:\/\/www.zoombernard.com\/wordpress\/wp-content\/gallery\/paysage\/Paysage-de-neige-Culin__DSC24950009.jpg\"\n\t\t\t\ttitle=\"\"\n\t\t\t\tdata-src=\"https:\/\/www.zoombernard.com\/wordpress\/wp-content\/gallery\/paysage\/Paysage-de-neige-Culin__DSC24950009.jpg\"\n\t\t\t\tdata-thumbnail=\"https:\/\/www.zoombernard.com\/wordpress\/wp-content\/gallery\/paysage\/thumbs\/thumbs_Paysage-de-neige-Culin__DSC24950009.jpg\"\n\t\t\t\tdata-image-id=\"1396\"\n\t\t\t\tdata-title=\"Paysage-de-neige-Culin__DSC24950009\"\n\t\t\t\tdata-description=\"\"\n\t\t\t\tdata-image-slug=\"paysage-de-neige-culin__dsc24950009\"\n\t\t\t\tclass=\"shutterset_2c3eed01ea02f13a48821c9ff9bfeddb\">\n\t\t\t\t<img\n\t\t\t\t\ttitle=\"Paysage-de-neige-Culin__DSC24950009\"\n\t\t\t\t\talt=\"Paysage-de-neige-Culin__DSC24950009\"\n\t\t\t\t\tsrc=\"https:\/\/www.zoombernard.com\/wordpress\/wp-content\/gallery\/paysage\/thumbs\/thumbs_Paysage-de-neige-Culin__DSC24950009.jpg\"\n\t\t\t\t\twidth=\"110\"\n\t\t\t\t\theight=\"140\"\n\t\t\t\t\tstyle=\"max-width:100%;\"\n\t\t\t\t\/>\n\t\t\t<\/a>\n\t\t<\/div>\n\t\t\t\t\t\t\t<\/div> \n\t\t\t\n\t\t\n\t\t\t\t<div id=\"ngg-image-12\" class=\"ngg-gallery-thumbnail-box\" \n\t\t\t\t\t\t\t\t\t\t\t>\n\t\t\t\t\t\t<div class=\"ngg-gallery-thumbnail\">\n\t\t\t<a href=\"https:\/\/www.zoombernard.com\/wordpress\/wp-content\/gallery\/paysage\/Paysage-Loire__DSC46610001.jpg\"\n\t\t\t\ttitle=\"\"\n\t\t\t\tdata-src=\"https:\/\/www.zoombernard.com\/wordpress\/wp-content\/gallery\/paysage\/Paysage-Loire__DSC46610001.jpg\"\n\t\t\t\tdata-thumbnail=\"https:\/\/www.zoombernard.com\/wordpress\/wp-content\/gallery\/paysage\/thumbs\/thumbs_Paysage-Loire__DSC46610001.jpg\"\n\t\t\t\tdata-image-id=\"1397\"\n\t\t\t\tdata-title=\"Paysage-Loire__DSC46610001\"\n\t\t\t\tdata-description=\"\"\n\t\t\t\tdata-image-slug=\"paysage-loire__dsc46610001-1\"\n\t\t\t\tclass=\"shutterset_2c3eed01ea02f13a48821c9ff9bfeddb\">\n\t\t\t\t<img\n\t\t\t\t\ttitle=\"Paysage-Loire__DSC46610001\"\n\t\t\t\t\talt=\"Paysage-Loire__DSC46610001\"\n\t\t\t\t\tsrc=\"https:\/\/www.zoombernard.com\/wordpress\/wp-content\/gallery\/paysage\/thumbs\/thumbs_Paysage-Loire__DSC46610001.jpg\"\n\t\t\t\t\twidth=\"110\"\n\t\t\t\t\theight=\"140\"\n\t\t\t\t\tstyle=\"max-width:100%;\"\n\t\t\t\t\/>\n\t\t\t<\/a>\n\t\t<\/div>\n\t\t\t\t\t\t\t<\/div> \n\t\t\t\n\t\t\n\t\t\t\t<div id=\"ngg-image-13\" class=\"ngg-gallery-thumbnail-box\" \n\t\t\t\t\t\t\t\t\t\t\t>\n\t\t\t\t\t\t<div class=\"ngg-gallery-thumbnail\">\n\t\t\t<a href=\"https:\/\/www.zoombernard.com\/wordpress\/wp-content\/gallery\/paysage\/Paysage__DSC15560001.jpg\"\n\t\t\t\ttitle=\"\"\n\t\t\t\tdata-src=\"https:\/\/www.zoombernard.com\/wordpress\/wp-content\/gallery\/paysage\/Paysage__DSC15560001.jpg\"\n\t\t\t\tdata-thumbnail=\"https:\/\/www.zoombernard.com\/wordpress\/wp-content\/gallery\/paysage\/thumbs\/thumbs_Paysage__DSC15560001.jpg\"\n\t\t\t\tdata-image-id=\"1398\"\n\t\t\t\tdata-title=\"Paysage__DSC15560001\"\n\t\t\t\tdata-description=\"\"\n\t\t\t\tdata-image-slug=\"paysage__dsc15560001-1\"\n\t\t\t\tclass=\"shutterset_2c3eed01ea02f13a48821c9ff9bfeddb\">\n\t\t\t\t<img\n\t\t\t\t\ttitle=\"Paysage__DSC15560001\"\n\t\t\t\t\talt=\"Paysage__DSC15560001\"\n\t\t\t\t\tsrc=\"https:\/\/www.zoombernard.com\/wordpress\/wp-content\/gallery\/paysage\/thumbs\/thumbs_Paysage__DSC15560001.jpg\"\n\t\t\t\t\twidth=\"110\"\n\t\t\t\t\theight=\"140\"\n\t\t\t\t\tstyle=\"max-width:100%;\"\n\t\t\t\t\/>\n\t\t\t<\/a>\n\t\t<\/div>\n\t\t\t\t\t\t\t<\/div> \n\t\t\t\n\t\t\n\t\t\n\t\t<!-- Pagination -->\n\t\t<div class='ngg-clear'><\/div>\t<\/div>\n\n","protected":false},"excerpt":{"rendered":"","protected":false},"author":1,"featured_media":0,"parent":476,"menu_order":0,"comment_status":"closed","ping_status":"closed","template":"","meta":{"ngg_post_thumbnail":0,"footnotes":""},"acf":[],"_links":{"self":[{"href":"https:\/\/www.zoombernard.com\/wordpress\/wp-json\/wp\/v2\/pages\/584"}],"collection":[{"href":"https:\/\/www.zoombernard.com\/wordpress\/wp-json\/wp\/v2\/pages"}],"about":[{"href":"https:\/\/www.zoombernard.com\/wordpress\/wp-json\/wp\/v2\/types\/page"}],"author":[{"embeddable":true,"href":"https:\/\/www.zoombernard.com\/wordpress\/wp-json\/wp\/v2\/users\/1"}],"replies":[{"embeddable":true,"href":"https:\/\/www.zoombernard.com\/wordpress\/wp-json\/wp\/v2\/comments?post=584"}],"version-history":[{"count":3,"href":"https:\/\/www.zoombernard.com\/wordpress\/wp-json\/wp\/v2\/pages\/584\/revisions"}],"predecessor-version":[{"id":834,"href":"https:\/\/www.zoombernard.com\/wordpress\/wp-json\/wp\/v2\/pages\/584\/revisions\/834"}],"up":[{"embeddable":true,"href":"https:\/\/www.zoombernard.com\/wordpress\/wp-json\/wp\/v2\/pages\/476"}],"wp:attachment":[{"href":"https:\/\/www.zoombernard.com\/wordpress\/wp-json\/wp\/v2\/media?parent=584"}],"curies":[{"name":"wp","href":"https:\/\/api.w.org\/{rel}","templated":true}]}}