{"id":328,"date":"2012-11-25T09:09:58","date_gmt":"2012-11-25T09:09:58","guid":{"rendered":"http:\/\/www.zoombernard.com\/wordpress\/paysages\/"},"modified":"2013-11-11T21:04:23","modified_gmt":"2013-11-11T21:04:23","slug":"paysages","status":"publish","type":"page","link":"https:\/\/www.zoombernard.com\/wordpress\/nature\/paysage\/paysages\/","title":{"rendered":"Paysages"},"content":{"rendered":"<p>Paysages de France<\/p>\n<!-- index.php -->\n<div\n\tclass=\"ngg-galleryoverview\n\t ngg-ajax-pagination-none\t\"\n\tid=\"ngg-gallery-688b23b0edd3e4ce444660ee392ff1c7-1\">\n\n\t\t<div class=\"slideshowlink\">\n\t\t<a href='https:\/\/www.zoombernard.com\/wordpress\/nature\/paysage\/paysages\/nggallery\/slideshow'>[Diaporama]<\/a>\n\t\t\n\t<\/div>\n\t\t\t<!-- Thumbnails -->\n\t\t\t\t<div id=\"ngg-image-0\" class=\"ngg-gallery-thumbnail-box\" \n\t\t\t\t\t\t\t\t\t\t\t>\n\t\t\t\t\t\t<div class=\"ngg-gallery-thumbnail\">\n\t\t\t<a href=\"https:\/\/www.zoombernard.com\/wordpress\/wp-content\/gallery\/paysages\/port-du-belon_dsc8277.jpg\"\n\t\t\t\ttitle=\"\"\n\t\t\t\tdata-src=\"https:\/\/www.zoombernard.com\/wordpress\/wp-content\/gallery\/paysages\/port-du-belon_dsc8277.jpg\"\n\t\t\t\tdata-thumbnail=\"https:\/\/www.zoombernard.com\/wordpress\/wp-content\/gallery\/paysages\/thumbs\/thumbs_port-du-belon_dsc8277.jpg\"\n\t\t\t\tdata-image-id=\"813\"\n\t\t\t\tdata-title=\"Port de Merrien\"\n\t\t\t\tdata-description=\"\"\n\t\t\t\tdata-image-slug=\"port-du-belon_dsc8277\"\n\t\t\t\tclass=\"shutterset_688b23b0edd3e4ce444660ee392ff1c7\">\n\t\t\t\t<img\n\t\t\t\t\ttitle=\"Port de Merrien\"\n\t\t\t\t\talt=\"Port de Merrien\"\n\t\t\t\t\tsrc=\"https:\/\/www.zoombernard.com\/wordpress\/wp-content\/gallery\/paysages\/thumbs\/thumbs_port-du-belon_dsc8277.jpg\"\n\t\t\t\t\twidth=\"110\"\n\t\t\t\t\theight=\"140\"\n\t\t\t\t\tstyle=\"max-width:100%;\"\n\t\t\t\t\/>\n\t\t\t<\/a>\n\t\t<\/div>\n\t\t\t\t\t\t\t<\/div> \n\t\t\t\n\t\t\n\t\t\t\t<div id=\"ngg-image-1\" class=\"ngg-gallery-thumbnail-box\" \n\t\t\t\t\t\t\t\t\t\t\t>\n\t\t\t\t\t\t<div class=\"ngg-gallery-thumbnail\">\n\t\t\t<a href=\"https:\/\/www.zoombernard.com\/wordpress\/wp-content\/gallery\/paysages\/Bretagne__DSC93570001.jpg\"\n\t\t\t\ttitle=\"\"\n\t\t\t\tdata-src=\"https:\/\/www.zoombernard.com\/wordpress\/wp-content\/gallery\/paysages\/Bretagne__DSC93570001.jpg\"\n\t\t\t\tdata-thumbnail=\"https:\/\/www.zoombernard.com\/wordpress\/wp-content\/gallery\/paysages\/thumbs\/thumbs_Bretagne__DSC93570001.jpg\"\n\t\t\t\tdata-image-id=\"1279\"\n\t\t\t\tdata-title=\"Bretagne__DSC93570001\"\n\t\t\t\tdata-description=\"\"\n\t\t\t\tdata-image-slug=\"bretagne__dsc93570001\"\n\t\t\t\tclass=\"shutterset_688b23b0edd3e4ce444660ee392ff1c7\">\n\t\t\t\t<img\n\t\t\t\t\ttitle=\"Bretagne__DSC93570001\"\n\t\t\t\t\talt=\"Bretagne__DSC93570001\"\n\t\t\t\t\tsrc=\"https:\/\/www.zoombernard.com\/wordpress\/wp-content\/gallery\/paysages\/thumbs\/thumbs_Bretagne__DSC93570001.jpg\"\n\t\t\t\t\twidth=\"110\"\n\t\t\t\t\theight=\"140\"\n\t\t\t\t\tstyle=\"max-width:100%;\"\n\t\t\t\t\/>\n\t\t\t<\/a>\n\t\t<\/div>\n\t\t\t\t\t\t\t<\/div> \n\t\t\t\n\t\t\n\t\t\t\t<div id=\"ngg-image-2\" class=\"ngg-gallery-thumbnail-box\" \n\t\t\t\t\t\t\t\t\t\t\t>\n\t\t\t\t\t\t<div class=\"ngg-gallery-thumbnail\">\n\t\t\t<a href=\"https:\/\/www.zoombernard.com\/wordpress\/wp-content\/gallery\/paysages\/Bretagne__DSC93780001.jpg\"\n\t\t\t\ttitle=\"\"\n\t\t\t\tdata-src=\"https:\/\/www.zoombernard.com\/wordpress\/wp-content\/gallery\/paysages\/Bretagne__DSC93780001.jpg\"\n\t\t\t\tdata-thumbnail=\"https:\/\/www.zoombernard.com\/wordpress\/wp-content\/gallery\/paysages\/thumbs\/thumbs_Bretagne__DSC93780001.jpg\"\n\t\t\t\tdata-image-id=\"1281\"\n\t\t\t\tdata-title=\"Bretagne__DSC93780001\"\n\t\t\t\tdata-description=\"\"\n\t\t\t\tdata-image-slug=\"bretagne__dsc93780001\"\n\t\t\t\tclass=\"shutterset_688b23b0edd3e4ce444660ee392ff1c7\">\n\t\t\t\t<img\n\t\t\t\t\ttitle=\"Bretagne__DSC93780001\"\n\t\t\t\t\talt=\"Bretagne__DSC93780001\"\n\t\t\t\t\tsrc=\"https:\/\/www.zoombernard.com\/wordpress\/wp-content\/gallery\/paysages\/thumbs\/thumbs_Bretagne__DSC93780001.jpg\"\n\t\t\t\t\twidth=\"110\"\n\t\t\t\t\theight=\"140\"\n\t\t\t\t\tstyle=\"max-width:100%;\"\n\t\t\t\t\/>\n\t\t\t<\/a>\n\t\t<\/div>\n\t\t\t\t\t\t\t<\/div> \n\t\t\t\n\t\t\n\t\t\t\t<div id=\"ngg-image-3\" class=\"ngg-gallery-thumbnail-box\" \n\t\t\t\t\t\t\t\t\t\t\t>\n\t\t\t\t\t\t<div class=\"ngg-gallery-thumbnail\">\n\t\t\t<a href=\"https:\/\/www.zoombernard.com\/wordpress\/wp-content\/gallery\/paysages\/Extr%C3%A8mit%C3%A8-du-port-de-Do%C3%ABlan__DSC87120001.jpg\"\n\t\t\t\ttitle=\"\"\n\t\t\t\tdata-src=\"https:\/\/www.zoombernard.com\/wordpress\/wp-content\/gallery\/paysages\/Extr%C3%A8mit%C3%A8-du-port-de-Do%C3%ABlan__DSC87120001.jpg\"\n\t\t\t\tdata-thumbnail=\"https:\/\/www.zoombernard.com\/wordpress\/wp-content\/gallery\/paysages\/thumbs\/thumbs_Extr%C3%A8mit%C3%A8-du-port-de-Do%C3%ABlan__DSC87120001.jpg\"\n\t\t\t\tdata-image-id=\"1283\"\n\t\t\t\tdata-title=\"Extr\u00e8mit\u00e8-du-port-de-Do\u00eblan__DSC87120001\"\n\t\t\t\tdata-description=\"\"\n\t\t\t\tdata-image-slug=\"extr%c3%a8mit%c3%a8-du-port-de-do%c3%ablan__dsc87120001\"\n\t\t\t\tclass=\"shutterset_688b23b0edd3e4ce444660ee392ff1c7\">\n\t\t\t\t<img\n\t\t\t\t\ttitle=\"Extr\u00e8mit\u00e8-du-port-de-Do\u00eblan__DSC87120001\"\n\t\t\t\t\talt=\"Extr\u00e8mit\u00e8-du-port-de-Do\u00eblan__DSC87120001\"\n\t\t\t\t\tsrc=\"https:\/\/www.zoombernard.com\/wordpress\/wp-content\/gallery\/paysages\/thumbs\/thumbs_Extr%C3%A8mit%C3%A8-du-port-de-Do%C3%ABlan__DSC87120001.jpg\"\n\t\t\t\t\twidth=\"110\"\n\t\t\t\t\theight=\"140\"\n\t\t\t\t\tstyle=\"max-width:100%;\"\n\t\t\t\t\/>\n\t\t\t<\/a>\n\t\t<\/div>\n\t\t\t\t\t\t\t<\/div> \n\t\t\t\n\t\t\n\t\t\t\t<div id=\"ngg-image-4\" class=\"ngg-gallery-thumbnail-box\" \n\t\t\t\t\t\t\t\t\t\t\t>\n\t\t\t\t\t\t<div class=\"ngg-gallery-thumbnail\">\n\t\t\t<a href=\"https:\/\/www.zoombernard.com\/wordpress\/wp-content\/gallery\/paysages\/Extr%C3%A8mit%C3%A8-du-port-de-Do%C3%ABlan__DSC87140001.jpg\"\n\t\t\t\ttitle=\"\"\n\t\t\t\tdata-src=\"https:\/\/www.zoombernard.com\/wordpress\/wp-content\/gallery\/paysages\/Extr%C3%A8mit%C3%A8-du-port-de-Do%C3%ABlan__DSC87140001.jpg\"\n\t\t\t\tdata-thumbnail=\"https:\/\/www.zoombernard.com\/wordpress\/wp-content\/gallery\/paysages\/thumbs\/thumbs_Extr%C3%A8mit%C3%A8-du-port-de-Do%C3%ABlan__DSC87140001.jpg\"\n\t\t\t\tdata-image-id=\"1285\"\n\t\t\t\tdata-title=\"Extr\u00e8mit\u00e8-du-port-de-Do\u00eblan__DSC87140001\"\n\t\t\t\tdata-description=\"\"\n\t\t\t\tdata-image-slug=\"extr%c3%a8mit%c3%a8-du-port-de-do%c3%ablan__dsc87140001\"\n\t\t\t\tclass=\"shutterset_688b23b0edd3e4ce444660ee392ff1c7\">\n\t\t\t\t<img\n\t\t\t\t\ttitle=\"Extr\u00e8mit\u00e8-du-port-de-Do\u00eblan__DSC87140001\"\n\t\t\t\t\talt=\"Extr\u00e8mit\u00e8-du-port-de-Do\u00eblan__DSC87140001\"\n\t\t\t\t\tsrc=\"https:\/\/www.zoombernard.com\/wordpress\/wp-content\/gallery\/paysages\/thumbs\/thumbs_Extr%C3%A8mit%C3%A8-du-port-de-Do%C3%ABlan__DSC87140001.jpg\"\n\t\t\t\t\twidth=\"110\"\n\t\t\t\t\theight=\"140\"\n\t\t\t\t\tstyle=\"max-width:100%;\"\n\t\t\t\t\/>\n\t\t\t<\/a>\n\t\t<\/div>\n\t\t\t\t\t\t\t<\/div> \n\t\t\t\n\t\t\n\t\t\t\t<div id=\"ngg-image-5\" class=\"ngg-gallery-thumbnail-box\" \n\t\t\t\t\t\t\t\t\t\t\t>\n\t\t\t\t\t\t<div class=\"ngg-gallery-thumbnail\">\n\t\t\t<a href=\"https:\/\/www.zoombernard.com\/wordpress\/wp-content\/gallery\/paysages\/Paysage-de-neige-_DSC23180002.jpg\"\n\t\t\t\ttitle=\"\"\n\t\t\t\tdata-src=\"https:\/\/www.zoombernard.com\/wordpress\/wp-content\/gallery\/paysages\/Paysage-de-neige-_DSC23180002.jpg\"\n\t\t\t\tdata-thumbnail=\"https:\/\/www.zoombernard.com\/wordpress\/wp-content\/gallery\/paysages\/thumbs\/thumbs_Paysage-de-neige-_DSC23180002.jpg\"\n\t\t\t\tdata-image-id=\"1286\"\n\t\t\t\tdata-title=\"Paysage-de-neige-_DSC23180002\"\n\t\t\t\tdata-description=\"\"\n\t\t\t\tdata-image-slug=\"paysage-de-neige-_dsc23180002\"\n\t\t\t\tclass=\"shutterset_688b23b0edd3e4ce444660ee392ff1c7\">\n\t\t\t\t<img\n\t\t\t\t\ttitle=\"Paysage-de-neige-_DSC23180002\"\n\t\t\t\t\talt=\"Paysage-de-neige-_DSC23180002\"\n\t\t\t\t\tsrc=\"https:\/\/www.zoombernard.com\/wordpress\/wp-content\/gallery\/paysages\/thumbs\/thumbs_Paysage-de-neige-_DSC23180002.jpg\"\n\t\t\t\t\twidth=\"110\"\n\t\t\t\t\theight=\"140\"\n\t\t\t\t\tstyle=\"max-width:100%;\"\n\t\t\t\t\/>\n\t\t\t<\/a>\n\t\t<\/div>\n\t\t\t\t\t\t\t<\/div> \n\t\t\t\n\t\t\n\t\t\t\t<div id=\"ngg-image-6\" class=\"ngg-gallery-thumbnail-box\" \n\t\t\t\t\t\t\t\t\t\t\t>\n\t\t\t\t\t\t<div class=\"ngg-gallery-thumbnail\">\n\t\t\t<a href=\"https:\/\/www.zoombernard.com\/wordpress\/wp-content\/gallery\/paysages\/Paysage-de-neige-_DSC23220003.jpg\"\n\t\t\t\ttitle=\"\"\n\t\t\t\tdata-src=\"https:\/\/www.zoombernard.com\/wordpress\/wp-content\/gallery\/paysages\/Paysage-de-neige-_DSC23220003.jpg\"\n\t\t\t\tdata-thumbnail=\"https:\/\/www.zoombernard.com\/wordpress\/wp-content\/gallery\/paysages\/thumbs\/thumbs_Paysage-de-neige-_DSC23220003.jpg\"\n\t\t\t\tdata-image-id=\"1287\"\n\t\t\t\tdata-title=\"Paysage-de-neige-_DSC23220003\"\n\t\t\t\tdata-description=\"\"\n\t\t\t\tdata-image-slug=\"paysage-de-neige-_dsc23220003\"\n\t\t\t\tclass=\"shutterset_688b23b0edd3e4ce444660ee392ff1c7\">\n\t\t\t\t<img\n\t\t\t\t\ttitle=\"Paysage-de-neige-_DSC23220003\"\n\t\t\t\t\talt=\"Paysage-de-neige-_DSC23220003\"\n\t\t\t\t\tsrc=\"https:\/\/www.zoombernard.com\/wordpress\/wp-content\/gallery\/paysages\/thumbs\/thumbs_Paysage-de-neige-_DSC23220003.jpg\"\n\t\t\t\t\twidth=\"110\"\n\t\t\t\t\theight=\"140\"\n\t\t\t\t\tstyle=\"max-width:100%;\"\n\t\t\t\t\/>\n\t\t\t<\/a>\n\t\t<\/div>\n\t\t\t\t\t\t\t<\/div> \n\t\t\t\n\t\t\n\t\t\t\t<div id=\"ngg-image-7\" class=\"ngg-gallery-thumbnail-box\" \n\t\t\t\t\t\t\t\t\t\t\t>\n\t\t\t\t\t\t<div class=\"ngg-gallery-thumbnail\">\n\t\t\t<a href=\"https:\/\/www.zoombernard.com\/wordpress\/wp-content\/gallery\/paysages\/Paysage-de-neige-_DSC24550004.jpg\"\n\t\t\t\ttitle=\"\"\n\t\t\t\tdata-src=\"https:\/\/www.zoombernard.com\/wordpress\/wp-content\/gallery\/paysages\/Paysage-de-neige-_DSC24550004.jpg\"\n\t\t\t\tdata-thumbnail=\"https:\/\/www.zoombernard.com\/wordpress\/wp-content\/gallery\/paysages\/thumbs\/thumbs_Paysage-de-neige-_DSC24550004.jpg\"\n\t\t\t\tdata-image-id=\"1288\"\n\t\t\t\tdata-title=\"Paysage-de-neige-_DSC24550004\"\n\t\t\t\tdata-description=\"\"\n\t\t\t\tdata-image-slug=\"paysage-de-neige-_dsc24550004\"\n\t\t\t\tclass=\"shutterset_688b23b0edd3e4ce444660ee392ff1c7\">\n\t\t\t\t<img\n\t\t\t\t\ttitle=\"Paysage-de-neige-_DSC24550004\"\n\t\t\t\t\talt=\"Paysage-de-neige-_DSC24550004\"\n\t\t\t\t\tsrc=\"https:\/\/www.zoombernard.com\/wordpress\/wp-content\/gallery\/paysages\/thumbs\/thumbs_Paysage-de-neige-_DSC24550004.jpg\"\n\t\t\t\t\twidth=\"110\"\n\t\t\t\t\theight=\"140\"\n\t\t\t\t\tstyle=\"max-width:100%;\"\n\t\t\t\t\/>\n\t\t\t<\/a>\n\t\t<\/div>\n\t\t\t\t\t\t\t<\/div> \n\t\t\t\n\t\t\n\t\t\t\t<div id=\"ngg-image-8\" class=\"ngg-gallery-thumbnail-box\" \n\t\t\t\t\t\t\t\t\t\t\t>\n\t\t\t\t\t\t<div class=\"ngg-gallery-thumbnail\">\n\t\t\t<a href=\"https:\/\/www.zoombernard.com\/wordpress\/wp-content\/gallery\/paysages\/Paysage-de-neige-_DSC24650005.jpg\"\n\t\t\t\ttitle=\"\"\n\t\t\t\tdata-src=\"https:\/\/www.zoombernard.com\/wordpress\/wp-content\/gallery\/paysages\/Paysage-de-neige-_DSC24650005.jpg\"\n\t\t\t\tdata-thumbnail=\"https:\/\/www.zoombernard.com\/wordpress\/wp-content\/gallery\/paysages\/thumbs\/thumbs_Paysage-de-neige-_DSC24650005.jpg\"\n\t\t\t\tdata-image-id=\"1289\"\n\t\t\t\tdata-title=\"Paysage-de-neige-_DSC24650005\"\n\t\t\t\tdata-description=\"\"\n\t\t\t\tdata-image-slug=\"paysage-de-neige-_dsc24650005\"\n\t\t\t\tclass=\"shutterset_688b23b0edd3e4ce444660ee392ff1c7\">\n\t\t\t\t<img\n\t\t\t\t\ttitle=\"Paysage-de-neige-_DSC24650005\"\n\t\t\t\t\talt=\"Paysage-de-neige-_DSC24650005\"\n\t\t\t\t\tsrc=\"https:\/\/www.zoombernard.com\/wordpress\/wp-content\/gallery\/paysages\/thumbs\/thumbs_Paysage-de-neige-_DSC24650005.jpg\"\n\t\t\t\t\twidth=\"110\"\n\t\t\t\t\theight=\"140\"\n\t\t\t\t\tstyle=\"max-width:100%;\"\n\t\t\t\t\/>\n\t\t\t<\/a>\n\t\t<\/div>\n\t\t\t\t\t\t\t<\/div> \n\t\t\t\n\t\t\n\t\t\t\t<div id=\"ngg-image-9\" class=\"ngg-gallery-thumbnail-box\" \n\t\t\t\t\t\t\t\t\t\t\t>\n\t\t\t\t\t\t<div class=\"ngg-gallery-thumbnail\">\n\t\t\t<a href=\"https:\/\/www.zoombernard.com\/wordpress\/wp-content\/gallery\/paysages\/Paysage-de-neige-_DSC24860006.jpg\"\n\t\t\t\ttitle=\"\"\n\t\t\t\tdata-src=\"https:\/\/www.zoombernard.com\/wordpress\/wp-content\/gallery\/paysages\/Paysage-de-neige-_DSC24860006.jpg\"\n\t\t\t\tdata-thumbnail=\"https:\/\/www.zoombernard.com\/wordpress\/wp-content\/gallery\/paysages\/thumbs\/thumbs_Paysage-de-neige-_DSC24860006.jpg\"\n\t\t\t\tdata-image-id=\"1290\"\n\t\t\t\tdata-title=\"Paysage-de-neige-_DSC24860006\"\n\t\t\t\tdata-description=\"\"\n\t\t\t\tdata-image-slug=\"paysage-de-neige-_dsc24860006\"\n\t\t\t\tclass=\"shutterset_688b23b0edd3e4ce444660ee392ff1c7\">\n\t\t\t\t<img\n\t\t\t\t\ttitle=\"Paysage-de-neige-_DSC24860006\"\n\t\t\t\t\talt=\"Paysage-de-neige-_DSC24860006\"\n\t\t\t\t\tsrc=\"https:\/\/www.zoombernard.com\/wordpress\/wp-content\/gallery\/paysages\/thumbs\/thumbs_Paysage-de-neige-_DSC24860006.jpg\"\n\t\t\t\t\twidth=\"110\"\n\t\t\t\t\theight=\"140\"\n\t\t\t\t\tstyle=\"max-width:100%;\"\n\t\t\t\t\/>\n\t\t\t<\/a>\n\t\t<\/div>\n\t\t\t\t\t\t\t<\/div> \n\t\t\t\n\t\t\n\t\t\t\t<div id=\"ngg-image-10\" class=\"ngg-gallery-thumbnail-box\" \n\t\t\t\t\t\t\t\t\t\t\t>\n\t\t\t\t\t\t<div class=\"ngg-gallery-thumbnail\">\n\t\t\t<a href=\"https:\/\/www.zoombernard.com\/wordpress\/wp-content\/gallery\/paysages\/Paysage-de-neige-_DSC24890007.jpg\"\n\t\t\t\ttitle=\"\"\n\t\t\t\tdata-src=\"https:\/\/www.zoombernard.com\/wordpress\/wp-content\/gallery\/paysages\/Paysage-de-neige-_DSC24890007.jpg\"\n\t\t\t\tdata-thumbnail=\"https:\/\/www.zoombernard.com\/wordpress\/wp-content\/gallery\/paysages\/thumbs\/thumbs_Paysage-de-neige-_DSC24890007.jpg\"\n\t\t\t\tdata-image-id=\"1291\"\n\t\t\t\tdata-title=\"Paysage-de-neige-_DSC24890007\"\n\t\t\t\tdata-description=\"\"\n\t\t\t\tdata-image-slug=\"paysage-de-neige-_dsc24890007\"\n\t\t\t\tclass=\"shutterset_688b23b0edd3e4ce444660ee392ff1c7\">\n\t\t\t\t<img\n\t\t\t\t\ttitle=\"Paysage-de-neige-_DSC24890007\"\n\t\t\t\t\talt=\"Paysage-de-neige-_DSC24890007\"\n\t\t\t\t\tsrc=\"https:\/\/www.zoombernard.com\/wordpress\/wp-content\/gallery\/paysages\/thumbs\/thumbs_Paysage-de-neige-_DSC24890007.jpg\"\n\t\t\t\t\twidth=\"110\"\n\t\t\t\t\theight=\"140\"\n\t\t\t\t\tstyle=\"max-width:100%;\"\n\t\t\t\t\/>\n\t\t\t<\/a>\n\t\t<\/div>\n\t\t\t\t\t\t\t<\/div> \n\t\t\t\n\t\t\n\t\t\t\t<div id=\"ngg-image-11\" class=\"ngg-gallery-thumbnail-box\" \n\t\t\t\t\t\t\t\t\t\t\t>\n\t\t\t\t\t\t<div class=\"ngg-gallery-thumbnail\">\n\t\t\t<a href=\"https:\/\/www.zoombernard.com\/wordpress\/wp-content\/gallery\/paysages\/Paysage-de-neige-_DSC24950009.jpg\"\n\t\t\t\ttitle=\"\"\n\t\t\t\tdata-src=\"https:\/\/www.zoombernard.com\/wordpress\/wp-content\/gallery\/paysages\/Paysage-de-neige-_DSC24950009.jpg\"\n\t\t\t\tdata-thumbnail=\"https:\/\/www.zoombernard.com\/wordpress\/wp-content\/gallery\/paysages\/thumbs\/thumbs_Paysage-de-neige-_DSC24950009.jpg\"\n\t\t\t\tdata-image-id=\"1292\"\n\t\t\t\tdata-title=\"Paysage-de-neige-_DSC24950009\"\n\t\t\t\tdata-description=\"\"\n\t\t\t\tdata-image-slug=\"paysage-de-neige-_dsc24950009\"\n\t\t\t\tclass=\"shutterset_688b23b0edd3e4ce444660ee392ff1c7\">\n\t\t\t\t<img\n\t\t\t\t\ttitle=\"Paysage-de-neige-_DSC24950009\"\n\t\t\t\t\talt=\"Paysage-de-neige-_DSC24950009\"\n\t\t\t\t\tsrc=\"https:\/\/www.zoombernard.com\/wordpress\/wp-content\/gallery\/paysages\/thumbs\/thumbs_Paysage-de-neige-_DSC24950009.jpg\"\n\t\t\t\t\twidth=\"110\"\n\t\t\t\t\theight=\"140\"\n\t\t\t\t\tstyle=\"max-width:100%;\"\n\t\t\t\t\/>\n\t\t\t<\/a>\n\t\t<\/div>\n\t\t\t\t\t\t\t<\/div> \n\t\t\t\n\t\t\n\t\t\t\t<div id=\"ngg-image-12\" class=\"ngg-gallery-thumbnail-box\" \n\t\t\t\t\t\t\t\t\t\t\t>\n\t\t\t\t\t\t<div class=\"ngg-gallery-thumbnail\">\n\t\t\t<a href=\"https:\/\/www.zoombernard.com\/wordpress\/wp-content\/gallery\/paysages\/Paysage-de-neige-DSC24920008.jpg\"\n\t\t\t\ttitle=\"\"\n\t\t\t\tdata-src=\"https:\/\/www.zoombernard.com\/wordpress\/wp-content\/gallery\/paysages\/Paysage-de-neige-DSC24920008.jpg\"\n\t\t\t\tdata-thumbnail=\"https:\/\/www.zoombernard.com\/wordpress\/wp-content\/gallery\/paysages\/thumbs\/thumbs_Paysage-de-neige-DSC24920008.jpg\"\n\t\t\t\tdata-image-id=\"1293\"\n\t\t\t\tdata-title=\"Paysage-de-neige-DSC24920008\"\n\t\t\t\tdata-description=\"\"\n\t\t\t\tdata-image-slug=\"paysage-de-neige-dsc24920008\"\n\t\t\t\tclass=\"shutterset_688b23b0edd3e4ce444660ee392ff1c7\">\n\t\t\t\t<img\n\t\t\t\t\ttitle=\"Paysage-de-neige-DSC24920008\"\n\t\t\t\t\talt=\"Paysage-de-neige-DSC24920008\"\n\t\t\t\t\tsrc=\"https:\/\/www.zoombernard.com\/wordpress\/wp-content\/gallery\/paysages\/thumbs\/thumbs_Paysage-de-neige-DSC24920008.jpg\"\n\t\t\t\t\twidth=\"110\"\n\t\t\t\t\theight=\"140\"\n\t\t\t\t\tstyle=\"max-width:100%;\"\n\t\t\t\t\/>\n\t\t\t<\/a>\n\t\t<\/div>\n\t\t\t\t\t\t\t<\/div> \n\t\t\t\n\t\t\n\t\t\t\t<div id=\"ngg-image-13\" class=\"ngg-gallery-thumbnail-box\" \n\t\t\t\t\t\t\t\t\t\t\t>\n\t\t\t\t\t\t<div class=\"ngg-gallery-thumbnail\">\n\t\t\t<a href=\"https:\/\/www.zoombernard.com\/wordpress\/wp-content\/gallery\/paysages\/Paysage-de-neige_DSC23050001.jpg\"\n\t\t\t\ttitle=\"\"\n\t\t\t\tdata-src=\"https:\/\/www.zoombernard.com\/wordpress\/wp-content\/gallery\/paysages\/Paysage-de-neige_DSC23050001.jpg\"\n\t\t\t\tdata-thumbnail=\"https:\/\/www.zoombernard.com\/wordpress\/wp-content\/gallery\/paysages\/thumbs\/thumbs_Paysage-de-neige_DSC23050001.jpg\"\n\t\t\t\tdata-image-id=\"1294\"\n\t\t\t\tdata-title=\"Paysage-de-neige_DSC23050001\"\n\t\t\t\tdata-description=\"\"\n\t\t\t\tdata-image-slug=\"paysage-de-neige_dsc23050001\"\n\t\t\t\tclass=\"shutterset_688b23b0edd3e4ce444660ee392ff1c7\">\n\t\t\t\t<img\n\t\t\t\t\ttitle=\"Paysage-de-neige_DSC23050001\"\n\t\t\t\t\talt=\"Paysage-de-neige_DSC23050001\"\n\t\t\t\t\tsrc=\"https:\/\/www.zoombernard.com\/wordpress\/wp-content\/gallery\/paysages\/thumbs\/thumbs_Paysage-de-neige_DSC23050001.jpg\"\n\t\t\t\t\twidth=\"110\"\n\t\t\t\t\theight=\"140\"\n\t\t\t\t\tstyle=\"max-width:100%;\"\n\t\t\t\t\/>\n\t\t\t<\/a>\n\t\t<\/div>\n\t\t\t\t\t\t\t<\/div> \n\t\t\t\n\t\t\n\t\t\t\t<div id=\"ngg-image-14\" class=\"ngg-gallery-thumbnail-box\" \n\t\t\t\t\t\t\t\t\t\t\t>\n\t\t\t\t\t\t<div class=\"ngg-gallery-thumbnail\">\n\t\t\t<a href=\"https:\/\/www.zoombernard.com\/wordpress\/wp-content\/gallery\/paysages\/Paysage-Loire__DSC46610001.jpg\"\n\t\t\t\ttitle=\"\"\n\t\t\t\tdata-src=\"https:\/\/www.zoombernard.com\/wordpress\/wp-content\/gallery\/paysages\/Paysage-Loire__DSC46610001.jpg\"\n\t\t\t\tdata-thumbnail=\"https:\/\/www.zoombernard.com\/wordpress\/wp-content\/gallery\/paysages\/thumbs\/thumbs_Paysage-Loire__DSC46610001.jpg\"\n\t\t\t\tdata-image-id=\"1295\"\n\t\t\t\tdata-title=\"Paysage-Loire__DSC46610001\"\n\t\t\t\tdata-description=\"\"\n\t\t\t\tdata-image-slug=\"paysage-loire__dsc46610001\"\n\t\t\t\tclass=\"shutterset_688b23b0edd3e4ce444660ee392ff1c7\">\n\t\t\t\t<img\n\t\t\t\t\ttitle=\"Paysage-Loire__DSC46610001\"\n\t\t\t\t\talt=\"Paysage-Loire__DSC46610001\"\n\t\t\t\t\tsrc=\"https:\/\/www.zoombernard.com\/wordpress\/wp-content\/gallery\/paysages\/thumbs\/thumbs_Paysage-Loire__DSC46610001.jpg\"\n\t\t\t\t\twidth=\"110\"\n\t\t\t\t\theight=\"140\"\n\t\t\t\t\tstyle=\"max-width:100%;\"\n\t\t\t\t\/>\n\t\t\t<\/a>\n\t\t<\/div>\n\t\t\t\t\t\t\t<\/div> \n\t\t\t\n\t\t\n\t\t\t\t<div id=\"ngg-image-15\" class=\"ngg-gallery-thumbnail-box\" \n\t\t\t\t\t\t\t\t\t\t\t>\n\t\t\t\t\t\t<div class=\"ngg-gallery-thumbnail\">\n\t\t\t<a href=\"https:\/\/www.zoombernard.com\/wordpress\/wp-content\/gallery\/paysages\/Paysage__DSC15560001.jpg\"\n\t\t\t\ttitle=\"\"\n\t\t\t\tdata-src=\"https:\/\/www.zoombernard.com\/wordpress\/wp-content\/gallery\/paysages\/Paysage__DSC15560001.jpg\"\n\t\t\t\tdata-thumbnail=\"https:\/\/www.zoombernard.com\/wordpress\/wp-content\/gallery\/paysages\/thumbs\/thumbs_Paysage__DSC15560001.jpg\"\n\t\t\t\tdata-image-id=\"1296\"\n\t\t\t\tdata-title=\"Paysage__DSC15560001\"\n\t\t\t\tdata-description=\"\"\n\t\t\t\tdata-image-slug=\"paysage__dsc15560001\"\n\t\t\t\tclass=\"shutterset_688b23b0edd3e4ce444660ee392ff1c7\">\n\t\t\t\t<img\n\t\t\t\t\ttitle=\"Paysage__DSC15560001\"\n\t\t\t\t\talt=\"Paysage__DSC15560001\"\n\t\t\t\t\tsrc=\"https:\/\/www.zoombernard.com\/wordpress\/wp-content\/gallery\/paysages\/thumbs\/thumbs_Paysage__DSC15560001.jpg\"\n\t\t\t\t\twidth=\"110\"\n\t\t\t\t\theight=\"140\"\n\t\t\t\t\tstyle=\"max-width:100%;\"\n\t\t\t\t\/>\n\t\t\t<\/a>\n\t\t<\/div>\n\t\t\t\t\t\t\t<\/div> \n\t\t\t\n\t\t\n\t\t\n\t\t<!-- Pagination -->\n\t\t<div class='ngg-clear'><\/div>\t<\/div>\n\n<p>&nbsp;<\/p>\n","protected":false},"excerpt":{"rendered":"<p>Paysages de France &nbsp;<\/p>\n","protected":false},"author":1,"featured_media":0,"parent":584,"menu_order":5,"comment_status":"closed","ping_status":"closed","template":"","meta":{"ngg_post_thumbnail":0,"footnotes":""},"acf":[],"_links":{"self":[{"href":"https:\/\/www.zoombernard.com\/wordpress\/wp-json\/wp\/v2\/pages\/328"}],"collection":[{"href":"https:\/\/www.zoombernard.com\/wordpress\/wp-json\/wp\/v2\/pages"}],"about":[{"href":"https:\/\/www.zoombernard.com\/wordpress\/wp-json\/wp\/v2\/types\/page"}],"author":[{"embeddable":true,"href":"https:\/\/www.zoombernard.com\/wordpress\/wp-json\/wp\/v2\/users\/1"}],"replies":[{"embeddable":true,"href":"https:\/\/www.zoombernard.com\/wordpress\/wp-json\/wp\/v2\/comments?post=328"}],"version-history":[{"count":3,"href":"https:\/\/www.zoombernard.com\/wordpress\/wp-json\/wp\/v2\/pages\/328\/revisions"}],"predecessor-version":[{"id":406,"href":"https:\/\/www.zoombernard.com\/wordpress\/wp-json\/wp\/v2\/pages\/328\/revisions\/406"}],"up":[{"embeddable":true,"href":"https:\/\/www.zoombernard.com\/wordpress\/wp-json\/wp\/v2\/pages\/584"}],"wp:attachment":[{"href":"https:\/\/www.zoombernard.com\/wordpress\/wp-json\/wp\/v2\/media?parent=328"}],"curies":[{"name":"wp","href":"https:\/\/api.w.org\/{rel}","templated":true}]}}