{"id":279,"date":"2012-11-23T18:29:11","date_gmt":"2012-11-23T18:29:11","guid":{"rendered":"http:\/\/www.zoombernard.com\/wordpress\/?page_id=279"},"modified":"2020-08-13T15:27:27","modified_gmt":"2020-08-13T15:27:27","slug":"accueil","status":"publish","type":"page","link":"https:\/\/www.zoombernard.com\/wordpress\/","title":{"rendered":"Accueil"},"content":{"rendered":"<p style=\"text-align: center;\">Passionn\u00e9 de photos, voici quelques exemplaires des diff\u00e9rentes s\u00e9ries sur lesquelles je travaille.<br \/>\nPhotos : Je d\u00e9rawtise avec darktable 3.2 (super logiciel et super Tutos ) pages fleurs, paysage, insectes<br \/>\nEn Portrait je recherche des mod\u00e8les pour des s\u00e9ances de prises de vues, n&rsquo;h\u00e9sitez pas \u00e0 me contacter<\/p>\n\t<div class=\"ngg-gallery-singlepic-image ngg-center\" style=\"max-width: 400px\">\n\t\t\t\t<a href=\"https:\/\/www.zoombernard.com\/wordpress\/wp-content\/gallery\/portraits\/Melli_DSC3454.jpg\"\n\t\t\ttitle=\"\"\n\t\t\tdata-src=\"https:\/\/www.zoombernard.com\/wordpress\/wp-content\/gallery\/portraits\/Melli_DSC3454.jpg\"\n\t\t\tdata-thumbnail=\"https:\/\/www.zoombernard.com\/wordpress\/wp-content\/gallery\/portraits\/thumbs\/thumbs_Melli_DSC3454.jpg\"\n\t\t\tdata-image-id=\"1095\"\n\t\t\tdata-title=\"Melli_DSC3454\"\n\t\t\tdata-description=\"\"\n\t\t\ttarget='_self'\n\t\t\tclass=\"shutterset_abdef6c011ef71e17a8deb66f2aa2a33\">\n\t\t\t<img class=\"ngg-singlepic\"\n\t\t\t\tsrc=\"https:\/\/www.zoombernard.com\/wordpress\/wp-content\/gallery\/portraits\/cache\/Melli_DSC3454.jpg-nggid041095-ngg0dyn-800x600x100-00f0w010c010r110f110r010t010.jpg\"\n\t\t\t\talt=\"Melli_DSC3454\"\n\t\t\t\ttitle=\"Melli_DSC3454\"\n\t\t\t\t\t\t\t\t\twidth=\"400\" \t\t\t\t\t\t\t\/>\n\t\t<\/a>\n\t\t\t<\/div>\n\t\t\n<p><span style=\"color: #ffff00;\">\u00a9Toutes les photos de ce site ne sont pas libres de droits<\/span><\/p>\n","protected":false},"excerpt":{"rendered":"<p>Passionn\u00e9 de photos, voici quelques exemplaires des diff\u00e9rentes s\u00e9ries sur lesquelles je travaille. Photos : Je d\u00e9rawtise avec darktable 3.2 (super logiciel et super Tutos ) pages fleurs, paysage, insectes En Portrait je recherche des mod\u00e8les pour des s\u00e9ances de &hellip; <a href=\"https:\/\/www.zoombernard.com\/wordpress\/\">Continuer la lecture <span class=\"meta-nav\">&rarr;<\/span><\/a><\/p>\n","protected":false},"author":1,"featured_media":0,"parent":0,"menu_order":0,"comment_status":"closed","ping_status":"closed","template":"showcase.php","meta":{"ngg_post_thumbnail":0,"footnotes":""},"acf":[],"_links":{"self":[{"href":"https:\/\/www.zoombernard.com\/wordpress\/wp-json\/wp\/v2\/pages\/279"}],"collection":[{"href":"https:\/\/www.zoombernard.com\/wordpress\/wp-json\/wp\/v2\/pages"}],"about":[{"href":"https:\/\/www.zoombernard.com\/wordpress\/wp-json\/wp\/v2\/types\/page"}],"author":[{"embeddable":true,"href":"https:\/\/www.zoombernard.com\/wordpress\/wp-json\/wp\/v2\/users\/1"}],"replies":[{"embeddable":true,"href":"https:\/\/www.zoombernard.com\/wordpress\/wp-json\/wp\/v2\/comments?post=279"}],"version-history":[{"count":43,"href":"https:\/\/www.zoombernard.com\/wordpress\/wp-json\/wp\/v2\/pages\/279\/revisions"}],"predecessor-version":[{"id":1758,"href":"https:\/\/www.zoombernard.com\/wordpress\/wp-json\/wp\/v2\/pages\/279\/revisions\/1758"}],"wp:attachment":[{"href":"https:\/\/www.zoombernard.com\/wordpress\/wp-json\/wp\/v2\/media?parent=279"}],"curies":[{"name":"wp","href":"https:\/\/api.w.org\/{rel}","templated":true}]}}